{"id":2,"date":"2025-11-05T07:37:25","date_gmt":"2025-11-05T07:37:25","guid":{"rendered":"http:\/\/vanixx.de\/?page_id=2"},"modified":"2025-11-05T09:27:21","modified_gmt":"2025-11-05T08:27:21","slug":"leistungen","status":"publish","type":"page","link":"https:\/\/vanixx.de\/?page_id=2","title":{"rendered":"Leistungen"},"content":{"rendered":"\t\t<div data-elementor-type=\"wp-page\" data-elementor-id=\"2\" class=\"elementor elementor-2\">\n\t\t\t\t<div class=\"elementor-element elementor-element-7fb41b9 e-flex e-con-boxed wpr-particle-no wpr-jarallax-no wpr-parallax-no wpr-sticky-section-no e-con e-parent\" data-id=\"7fb41b9\" data-element_type=\"container\">\n\t\t\t\t\t<div class=\"e-con-inner\">\n\t\t\t\t<div class=\"elementor-element elementor-element-71ee53c elementor-widget elementor-widget-text-editor\" data-id=\"71ee53c\" data-element_type=\"widget\" data-widget_type=\"text-editor.default\">\n\t\t\t\t\t\t\t\t\t<p data-start=\"323\" data-end=\"670\">Als regionaler Fachbetrieb f\u00fcr Erdbau, Tiefbau und Transportarbeiten bietet die Epp Erdbau GmbH das komplette Leistungsspektrum rund um Erdbewegung, Baugrubenaushub und Gel\u00e4ndeaufbereitung. Mit modernem Maschinenpark, erfahrenem Team und zuverl\u00e4ssiger Terminplanung sorgen wir daf\u00fcr, dass jedes Projekt sicher, sauber und effizient umgesetzt wird.<\/p><p data-start=\"672\" data-end=\"696\"><strong data-start=\"672\" data-end=\"696\">Unsere Schwerpunkte:<\/strong><\/p><ul data-start=\"697\" data-end=\"1279\"><li data-start=\"697\" data-end=\"795\"><p data-start=\"699\" data-end=\"795\"><strong data-start=\"699\" data-end=\"723\">Aushub &amp; Erdbewegung<\/strong> \u2013 Baugruben, Fundamentaushub, Planierarbeiten und Gel\u00e4ndeprofilierung<\/p><\/li><li data-start=\"796\" data-end=\"879\"><p data-start=\"798\" data-end=\"879\"><strong data-start=\"798\" data-end=\"820\">Tiefbau &amp; Kanalbau<\/strong> \u2013 Verlegung von Leitungen, Drainagen und Hausanschl\u00fcssen<\/p><\/li><li data-start=\"880\" data-end=\"989\"><p data-start=\"882\" data-end=\"989\"><strong data-start=\"882\" data-end=\"909\">Transporte &amp; Entsorgung<\/strong> \u2013 Abfuhr von Erdreich, Bauschutt und Materiallieferungen mit eigenem Fuhrpark<\/p><\/li><li data-start=\"990\" data-end=\"1087\"><p data-start=\"992\" data-end=\"1087\"><strong data-start=\"992\" data-end=\"1024\">Bodenaustausch &amp; Verdichtung<\/strong> \u2013 f\u00fcr tragf\u00e4higen Untergrund bei Neubauten oder Au\u00dfenanlagen<\/p><\/li><li data-start=\"1088\" data-end=\"1195\"><p data-start=\"1090\" data-end=\"1195\"><strong data-start=\"1090\" data-end=\"1131\">Gel\u00e4ndemodellierung &amp; Hangbefestigung<\/strong> \u2013 f\u00fcr saubere, stabile und ansprechende Grundst\u00fccksgestaltung<\/p><\/li><li data-start=\"1196\" data-end=\"1279\"><p data-start=\"1198\" data-end=\"1279\"><strong data-start=\"1198\" data-end=\"1232\">Kies, Sand &amp; Schotterlieferung<\/strong> \u2013 termingerecht auf Ihre Baustelle geliefert<\/p><\/li><\/ul><p data-start=\"1281\" data-end=\"1415\">Ob Einfamilienhaus, Gewerbeprojekt oder \u00f6ffentliche Anlage \u2013 wir arbeiten zuverl\u00e4ssig, p\u00fcnktlich und mit dem Blick f\u00fcrs Wesentliche.<\/p><p data-start=\"1417\" data-end=\"1501\"><strong data-start=\"1417\" data-end=\"1501\">Epp Erdbau GmbH \u2013 Erdarbeiten mit Verstand, Erfahrung und starkem Maschinenpark.<\/strong><\/p>\t\t\t\t\t\t\t\t<\/div>\n\t\t\t\t\t<\/div>\n\t\t\t\t<\/div>\n\t\t\t\t<\/div>\n\t\t","protected":false},"excerpt":{"rendered":"<p>Als regionaler Fachbetrieb f\u00fcr Erdbau, Tiefbau und Transportarbeiten bietet die Epp Erdbau GmbH das komplette Leistungsspektrum rund um Erdbewegung, Baugrubenaushub und Gel\u00e4ndeaufbereitung. Mit modernem Maschinenpark, erfahrenem Team und zuverl\u00e4ssiger Terminplanung sorgen wir daf\u00fcr, dass jedes Projekt sicher, sauber und effizient umgesetzt wird. Unsere Schwerpunkte: Aushub &amp; Erdbewegung \u2013 Baugruben, Fundamentaushub, Planierarbeiten und Gel\u00e4ndeprofilierung Tiefbau &amp; Kanalbau \u2013 Verlegung von Leitungen, Drainagen und Hausanschl\u00fcssen Transporte &amp; Entsorgung \u2013 Abfuhr von Erdreich, Bauschutt und Materiallieferungen mit eigenem Fuhrpark Bodenaustausch &amp; Verdichtung \u2013 f\u00fcr tragf\u00e4higen Untergrund bei Neubauten oder Au\u00dfenanlagen Gel\u00e4ndemodellierung &amp; Hangbefestigung \u2013 f\u00fcr saubere, stabile und ansprechende Grundst\u00fccksgestaltung Kies, Sand &amp; Schotterlieferung \u2013 termingerecht auf Ihre Baustelle geliefert Ob Einfamilienhaus, Gewerbeprojekt oder \u00f6ffentliche Anlage \u2013 wir arbeiten zuverl\u00e4ssig, p\u00fcnktlich und mit dem Blick f\u00fcrs Wesentliche. Epp Erdbau GmbH \u2013 Erdarbeiten mit Verstand, Erfahrung und starkem Maschinenpark.<\/p>\n","protected":false},"author":1,"featured_media":0,"parent":0,"menu_order":0,"comment_status":"closed","ping_status":"closed","template":"","meta":{"footnotes":""},"class_list":["post-2","page","type-page","status-publish"],"yoast_head":"<!-- This site is optimized with the Yoast SEO plugin v26.3 - https:\/\/yoast.com\/wordpress\/plugins\/seo\/ -->\n<title>Leistungen - vanixx.de<\/title>\n<meta name=\"robots\" content=\"index, follow, max-snippet:-1, max-image-preview:large, max-video-preview:-1\" \/>\n<link rel=\"canonical\" href=\"https:\/\/vanixx.de\/?page_id=2\" \/>\n<meta property=\"og:locale\" content=\"de_DE\" \/>\n<meta property=\"og:type\" content=\"article\" \/>\n<meta property=\"og:title\" content=\"Leistungen - vanixx.de\" \/>\n<meta property=\"og:description\" content=\"Als regionaler Fachbetrieb f\u00fcr Erdbau, Tiefbau und Transportarbeiten bietet die Epp Erdbau GmbH das komplette Leistungsspektrum rund um Erdbewegung, Baugrubenaushub und Gel\u00e4ndeaufbereitung. Mit modernem Maschinenpark, erfahrenem Team und zuverl\u00e4ssiger Terminplanung sorgen wir daf\u00fcr, dass jedes Projekt sicher, sauber und effizient umgesetzt wird. Unsere Schwerpunkte: Aushub &amp; Erdbewegung \u2013 Baugruben, Fundamentaushub, Planierarbeiten und Gel\u00e4ndeprofilierung Tiefbau &amp; Kanalbau \u2013 Verlegung von Leitungen, Drainagen und Hausanschl\u00fcssen Transporte &amp; Entsorgung \u2013 Abfuhr von Erdreich, Bauschutt und Materiallieferungen mit eigenem Fuhrpark Bodenaustausch &amp; Verdichtung \u2013 f\u00fcr tragf\u00e4higen Untergrund bei Neubauten oder Au\u00dfenanlagen Gel\u00e4ndemodellierung &amp; Hangbefestigung \u2013 f\u00fcr saubere, stabile und ansprechende Grundst\u00fccksgestaltung Kies, Sand &amp; Schotterlieferung \u2013 termingerecht auf Ihre Baustelle geliefert Ob Einfamilienhaus, Gewerbeprojekt oder \u00f6ffentliche Anlage \u2013 wir arbeiten zuverl\u00e4ssig, p\u00fcnktlich und mit dem Blick f\u00fcrs Wesentliche. Epp Erdbau GmbH \u2013 Erdarbeiten mit Verstand, Erfahrung und starkem Maschinenpark.\" \/>\n<meta property=\"og:url\" content=\"https:\/\/vanixx.de\/?page_id=2\" \/>\n<meta property=\"og:site_name\" content=\"vanixx.de\" \/>\n<meta property=\"article:modified_time\" content=\"2025-11-05T08:27:21+00:00\" \/>\n<meta name=\"twitter:card\" content=\"summary_large_image\" \/>\n<meta name=\"twitter:label1\" content=\"Gesch\u00e4tzte Lesezeit\" \/>\n\t<meta name=\"twitter:data1\" content=\"1\u00a0Minute\" \/>\n<script type=\"application\/ld+json\" class=\"yoast-schema-graph\">{\"@context\":\"https:\/\/schema.org\",\"@graph\":[{\"@type\":\"WebPage\",\"@id\":\"https:\/\/vanixx.de\/?page_id=2\",\"url\":\"https:\/\/vanixx.de\/?page_id=2\",\"name\":\"Leistungen - vanixx.de\",\"isPartOf\":{\"@id\":\"https:\/\/vanixx.de\/#website\"},\"datePublished\":\"2025-11-05T07:37:25+00:00\",\"dateModified\":\"2025-11-05T08:27:21+00:00\",\"breadcrumb\":{\"@id\":\"https:\/\/vanixx.de\/?page_id=2#breadcrumb\"},\"inLanguage\":\"de\",\"potentialAction\":[{\"@type\":\"ReadAction\",\"target\":[\"https:\/\/vanixx.de\/?page_id=2\"]}]},{\"@type\":\"BreadcrumbList\",\"@id\":\"https:\/\/vanixx.de\/?page_id=2#breadcrumb\",\"itemListElement\":[{\"@type\":\"ListItem\",\"position\":1,\"name\":\"Startseite\",\"item\":\"https:\/\/vanixx.de\/\"},{\"@type\":\"ListItem\",\"position\":2,\"name\":\"Leistungen\"}]},{\"@type\":\"WebSite\",\"@id\":\"https:\/\/vanixx.de\/#website\",\"url\":\"https:\/\/vanixx.de\/\",\"name\":\"Epp Erdbau\",\"description\":\"Epp Erdbau\",\"publisher\":{\"@id\":\"https:\/\/vanixx.de\/#organization\"},\"potentialAction\":[{\"@type\":\"SearchAction\",\"target\":{\"@type\":\"EntryPoint\",\"urlTemplate\":\"https:\/\/vanixx.de\/?s={search_term_string}\"},\"query-input\":{\"@type\":\"PropertyValueSpecification\",\"valueRequired\":true,\"valueName\":\"search_term_string\"}}],\"inLanguage\":\"de\"},{\"@type\":\"Organization\",\"@id\":\"https:\/\/vanixx.de\/#organization\",\"name\":\"vanixx.de\",\"url\":\"https:\/\/vanixx.de\/\",\"logo\":{\"@type\":\"ImageObject\",\"inLanguage\":\"de\",\"@id\":\"https:\/\/vanixx.de\/#\/schema\/logo\/image\/\",\"url\":\"https:\/\/vanixx.de\/wp-content\/uploads\/2025\/11\/cropped-ChatGPT-Image-5.-Nov.-2025-08_30_53.png\",\"contentUrl\":\"https:\/\/vanixx.de\/wp-content\/uploads\/2025\/11\/cropped-ChatGPT-Image-5.-Nov.-2025-08_30_53.png\",\"width\":1024,\"height\":879,\"caption\":\"vanixx.de\"},\"image\":{\"@id\":\"https:\/\/vanixx.de\/#\/schema\/logo\/image\/\"}}]}<\/script>\n<!-- \/ Yoast SEO plugin. -->","yoast_head_json":{"title":"Leistungen - vanixx.de","robots":{"index":"index","follow":"follow","max-snippet":"max-snippet:-1","max-image-preview":"max-image-preview:large","max-video-preview":"max-video-preview:-1"},"canonical":"https:\/\/vanixx.de\/?page_id=2","og_locale":"de_DE","og_type":"article","og_title":"Leistungen - vanixx.de","og_description":"Als regionaler Fachbetrieb f\u00fcr Erdbau, Tiefbau und Transportarbeiten bietet die Epp Erdbau GmbH das komplette Leistungsspektrum rund um Erdbewegung, Baugrubenaushub und Gel\u00e4ndeaufbereitung. Mit modernem Maschinenpark, erfahrenem Team und zuverl\u00e4ssiger Terminplanung sorgen wir daf\u00fcr, dass jedes Projekt sicher, sauber und effizient umgesetzt wird. Unsere Schwerpunkte: Aushub &amp; Erdbewegung \u2013 Baugruben, Fundamentaushub, Planierarbeiten und Gel\u00e4ndeprofilierung Tiefbau &amp; Kanalbau \u2013 Verlegung von Leitungen, Drainagen und Hausanschl\u00fcssen Transporte &amp; Entsorgung \u2013 Abfuhr von Erdreich, Bauschutt und Materiallieferungen mit eigenem Fuhrpark Bodenaustausch &amp; Verdichtung \u2013 f\u00fcr tragf\u00e4higen Untergrund bei Neubauten oder Au\u00dfenanlagen Gel\u00e4ndemodellierung &amp; Hangbefestigung \u2013 f\u00fcr saubere, stabile und ansprechende Grundst\u00fccksgestaltung Kies, Sand &amp; Schotterlieferung \u2013 termingerecht auf Ihre Baustelle geliefert Ob Einfamilienhaus, Gewerbeprojekt oder \u00f6ffentliche Anlage \u2013 wir arbeiten zuverl\u00e4ssig, p\u00fcnktlich und mit dem Blick f\u00fcrs Wesentliche. Epp Erdbau GmbH \u2013 Erdarbeiten mit Verstand, Erfahrung und starkem Maschinenpark.","og_url":"https:\/\/vanixx.de\/?page_id=2","og_site_name":"vanixx.de","article_modified_time":"2025-11-05T08:27:21+00:00","twitter_card":"summary_large_image","twitter_misc":{"Gesch\u00e4tzte Lesezeit":"1\u00a0Minute"},"schema":{"@context":"https:\/\/schema.org","@graph":[{"@type":"WebPage","@id":"https:\/\/vanixx.de\/?page_id=2","url":"https:\/\/vanixx.de\/?page_id=2","name":"Leistungen - vanixx.de","isPartOf":{"@id":"https:\/\/vanixx.de\/#website"},"datePublished":"2025-11-05T07:37:25+00:00","dateModified":"2025-11-05T08:27:21+00:00","breadcrumb":{"@id":"https:\/\/vanixx.de\/?page_id=2#breadcrumb"},"inLanguage":"de","potentialAction":[{"@type":"ReadAction","target":["https:\/\/vanixx.de\/?page_id=2"]}]},{"@type":"BreadcrumbList","@id":"https:\/\/vanixx.de\/?page_id=2#breadcrumb","itemListElement":[{"@type":"ListItem","position":1,"name":"Startseite","item":"https:\/\/vanixx.de\/"},{"@type":"ListItem","position":2,"name":"Leistungen"}]},{"@type":"WebSite","@id":"https:\/\/vanixx.de\/#website","url":"https:\/\/vanixx.de\/","name":"Epp Erdbau","description":"Epp Erdbau","publisher":{"@id":"https:\/\/vanixx.de\/#organization"},"potentialAction":[{"@type":"SearchAction","target":{"@type":"EntryPoint","urlTemplate":"https:\/\/vanixx.de\/?s={search_term_string}"},"query-input":{"@type":"PropertyValueSpecification","valueRequired":true,"valueName":"search_term_string"}}],"inLanguage":"de"},{"@type":"Organization","@id":"https:\/\/vanixx.de\/#organization","name":"vanixx.de","url":"https:\/\/vanixx.de\/","logo":{"@type":"ImageObject","inLanguage":"de","@id":"https:\/\/vanixx.de\/#\/schema\/logo\/image\/","url":"https:\/\/vanixx.de\/wp-content\/uploads\/2025\/11\/cropped-ChatGPT-Image-5.-Nov.-2025-08_30_53.png","contentUrl":"https:\/\/vanixx.de\/wp-content\/uploads\/2025\/11\/cropped-ChatGPT-Image-5.-Nov.-2025-08_30_53.png","width":1024,"height":879,"caption":"vanixx.de"},"image":{"@id":"https:\/\/vanixx.de\/#\/schema\/logo\/image\/"}}]}},"_links":{"self":[{"href":"https:\/\/vanixx.de\/index.php?rest_route=\/wp\/v2\/pages\/2","targetHints":{"allow":["GET"]}}],"collection":[{"href":"https:\/\/vanixx.de\/index.php?rest_route=\/wp\/v2\/pages"}],"about":[{"href":"https:\/\/vanixx.de\/index.php?rest_route=\/wp\/v2\/types\/page"}],"author":[{"embeddable":true,"href":"https:\/\/vanixx.de\/index.php?rest_route=\/wp\/v2\/users\/1"}],"replies":[{"embeddable":true,"href":"https:\/\/vanixx.de\/index.php?rest_route=%2Fwp%2Fv2%2Fcomments&post=2"}],"version-history":[{"count":10,"href":"https:\/\/vanixx.de\/index.php?rest_route=\/wp\/v2\/pages\/2\/revisions"}],"predecessor-version":[{"id":109,"href":"https:\/\/vanixx.de\/index.php?rest_route=\/wp\/v2\/pages\/2\/revisions\/109"}],"wp:attachment":[{"href":"https:\/\/vanixx.de\/index.php?rest_route=%2Fwp%2Fv2%2Fmedia&parent=2"}],"curies":[{"name":"wp","href":"https:\/\/api.w.org\/{rel}","templated":true}]}}