{"id":139,"date":"2025-11-05T10:36:58","date_gmt":"2025-11-05T09:36:58","guid":{"rendered":"https:\/\/vanixx.de\/?page_id=139"},"modified":"2025-11-05T11:07:30","modified_gmt":"2025-11-05T10:07:30","slug":"baustoffe","status":"publish","type":"page","link":"https:\/\/vanixx.de\/?page_id=139","title":{"rendered":"Baustoffe"},"content":{"rendered":"\t\t<div data-elementor-type=\"wp-page\" data-elementor-id=\"139\" class=\"elementor elementor-139\">\n\t\t\t\t<div class=\"elementor-element elementor-element-7fb41b9 e-flex e-con-boxed wpr-particle-no wpr-jarallax-no wpr-parallax-no wpr-sticky-section-no e-con e-parent\" data-id=\"7fb41b9\" data-element_type=\"container\">\n\t\t\t\t\t<div class=\"e-con-inner\">\n\t\t\t\t<div class=\"elementor-element elementor-element-57ceb29 elementor-widget elementor-widget-image\" data-id=\"57ceb29\" data-element_type=\"widget\" data-widget_type=\"image.default\">\n\t\t\t\t\t\t\t\t\t\t\t\t\t\t\t<img fetchpriority=\"high\" decoding=\"async\" width=\"900\" height=\"900\" src=\"http:\/\/vanixx.de\/wp-content\/uploads\/2025\/11\/Baustoffe.png\" class=\"attachment-large size-large wp-image-174\" alt=\"\" srcset=\"http:\/\/vanixx.de\/wp-content\/uploads\/2025\/11\/Baustoffe.png 1024w, http:\/\/vanixx.de\/wp-content\/uploads\/2025\/11\/Baustoffe-300x300.png 300w, http:\/\/vanixx.de\/wp-content\/uploads\/2025\/11\/Baustoffe-150x150.png 150w, http:\/\/vanixx.de\/wp-content\/uploads\/2025\/11\/Baustoffe-768x768.png 768w\" sizes=\"(max-width: 900px) 100vw, 900px\" \/>\t\t\t\t\t\t\t\t\t\t\t\t\t\t\t<\/div>\n\t\t\t\t<div class=\"elementor-element elementor-element-71ee53c elementor-widget elementor-widget-text-editor\" data-id=\"71ee53c\" data-element_type=\"widget\" data-widget_type=\"text-editor.default\">\n\t\t\t\t\t\t\t\t\t<p data-start=\"154\" data-end=\"187\"><strong data-start=\"154\" data-end=\"187\">Baustoffe &amp; Materiallieferung<\/strong><\/p><p data-start=\"189\" data-end=\"407\">Guter Bau braucht gutes Material \u2013 und das liefern wir.<br data-start=\"244\" data-end=\"247\" \/>Mit unserem eigenen Fuhrpark bringen wir Schotter, Kies, Sand oder Recyclingmaterial direkt auf Ihre Baustelle \u2013 p\u00fcnktlich, sauber und in der gew\u00fcnschten Menge.<\/p><p data-start=\"409\" data-end=\"558\">Egal ob f\u00fcr den Hausbau, Gartenbau oder gewerbliche Projekte: Wir sorgen daf\u00fcr, dass das richtige Material genau dann da ist, wenn es gebraucht wird.<\/p><p data-start=\"560\" data-end=\"578\"><strong data-start=\"560\" data-end=\"578\">Unser Angebot:<\/strong><\/p><ul data-start=\"579\" data-end=\"771\"><li data-start=\"579\" data-end=\"634\"><p data-start=\"581\" data-end=\"634\">Lieferung von Kies, Sand, Schotter und F\u00fcllmaterial<\/p><\/li><li data-start=\"635\" data-end=\"672\"><p data-start=\"637\" data-end=\"672\">Recyclingmaterial und Mutterboden<\/p><\/li><li data-start=\"673\" data-end=\"711\"><p data-start=\"675\" data-end=\"711\">Abholung von Aushub oder Bauschutt<\/p><\/li><li data-start=\"712\" data-end=\"771\"><p data-start=\"714\" data-end=\"771\">Beratung zur richtigen Materialwahl f\u00fcr Ihr Bauvorhaben<\/p><\/li><\/ul><p data-start=\"773\" data-end=\"1002\">Dank unserer regionalen Lieferanten und kurzen Wege k\u00f6nnen wir flexibel reagieren \u2013 auch kurzfristig.<br data-start=\"874\" data-end=\"877\" \/>Ob eine kleine Menge f\u00fcr den Garten oder mehrere LKW-Ladungen f\u00fcr den Rohbau \u2013 wir liefern zuverl\u00e4ssig und zu fairen Preisen.<\/p><p data-start=\"1004\" data-end=\"1062\"><strong data-start=\"1004\" data-end=\"1062\">Epp Erdbau GmbH \u2013 Material und Service aus einer Hand.<\/strong><\/p>\t\t\t\t\t\t\t\t<\/div>\n\t\t\t\t\t<\/div>\n\t\t\t\t<\/div>\n\t\t\t\t<\/div>\n\t\t","protected":false},"excerpt":{"rendered":"<p>Baustoffe &amp; Materiallieferung Guter Bau braucht gutes Material \u2013 und das liefern wir.Mit unserem eigenen Fuhrpark bringen wir Schotter, Kies, Sand oder Recyclingmaterial direkt auf Ihre Baustelle \u2013 p\u00fcnktlich, sauber und in der gew\u00fcnschten Menge. Egal ob f\u00fcr den Hausbau, Gartenbau oder gewerbliche Projekte: Wir sorgen daf\u00fcr, dass das richtige Material genau dann da ist, wenn es gebraucht wird. Unser Angebot: Lieferung von Kies, Sand, Schotter und F\u00fcllmaterial Recyclingmaterial und Mutterboden Abholung von Aushub oder Bauschutt Beratung zur richtigen Materialwahl f\u00fcr Ihr Bauvorhaben Dank unserer regionalen Lieferanten und kurzen Wege k\u00f6nnen wir flexibel reagieren \u2013 auch kurzfristig.Ob eine kleine Menge f\u00fcr den Garten oder mehrere LKW-Ladungen f\u00fcr den Rohbau \u2013 wir liefern zuverl\u00e4ssig und zu fairen Preisen. Epp Erdbau GmbH \u2013 Material und Service aus einer Hand.<\/p>\n","protected":false},"author":1,"featured_media":0,"parent":0,"menu_order":0,"comment_status":"closed","ping_status":"closed","template":"","meta":{"footnotes":""},"class_list":["post-139","page","type-page","status-publish"],"yoast_head":"<!-- This site is optimized with the Yoast SEO plugin v26.3 - https:\/\/yoast.com\/wordpress\/plugins\/seo\/ -->\n<title>Baustoffe - vanixx.de<\/title>\n<meta name=\"robots\" content=\"index, follow, max-snippet:-1, max-image-preview:large, max-video-preview:-1\" \/>\n<link rel=\"canonical\" href=\"http:\/\/vanixx.de\/?page_id=139\" \/>\n<meta property=\"og:locale\" content=\"de_DE\" \/>\n<meta property=\"og:type\" content=\"article\" \/>\n<meta property=\"og:title\" content=\"Baustoffe - vanixx.de\" \/>\n<meta property=\"og:description\" content=\"Baustoffe &amp; Materiallieferung Guter Bau braucht gutes Material \u2013 und das liefern wir.Mit unserem eigenen Fuhrpark bringen wir Schotter, Kies, Sand oder Recyclingmaterial direkt auf Ihre Baustelle \u2013 p\u00fcnktlich, sauber und in der gew\u00fcnschten Menge. Egal ob f\u00fcr den Hausbau, Gartenbau oder gewerbliche Projekte: Wir sorgen daf\u00fcr, dass das richtige Material genau dann da ist, wenn es gebraucht wird. Unser Angebot: Lieferung von Kies, Sand, Schotter und F\u00fcllmaterial Recyclingmaterial und Mutterboden Abholung von Aushub oder Bauschutt Beratung zur richtigen Materialwahl f\u00fcr Ihr Bauvorhaben Dank unserer regionalen Lieferanten und kurzen Wege k\u00f6nnen wir flexibel reagieren \u2013 auch kurzfristig.Ob eine kleine Menge f\u00fcr den Garten oder mehrere LKW-Ladungen f\u00fcr den Rohbau \u2013 wir liefern zuverl\u00e4ssig und zu fairen Preisen. Epp Erdbau GmbH \u2013 Material und Service aus einer Hand.\" \/>\n<meta property=\"og:url\" content=\"http:\/\/vanixx.de\/?page_id=139\" \/>\n<meta property=\"og:site_name\" content=\"vanixx.de\" \/>\n<meta property=\"article:modified_time\" content=\"2025-11-05T10:07:30+00:00\" \/>\n<meta property=\"og:image\" content=\"http:\/\/vanixx.de\/wp-content\/uploads\/2025\/11\/Baustoffe.png\" \/>\n<meta name=\"twitter:card\" content=\"summary_large_image\" \/>\n<meta name=\"twitter:label1\" content=\"Gesch\u00e4tzte Lesezeit\" \/>\n\t<meta name=\"twitter:data1\" content=\"1\u00a0Minute\" \/>\n<script type=\"application\/ld+json\" class=\"yoast-schema-graph\">{\"@context\":\"https:\/\/schema.org\",\"@graph\":[{\"@type\":\"WebPage\",\"@id\":\"http:\/\/vanixx.de\/?page_id=139\",\"url\":\"http:\/\/vanixx.de\/?page_id=139\",\"name\":\"Baustoffe - vanixx.de\",\"isPartOf\":{\"@id\":\"http:\/\/vanixx.de\/#website\"},\"primaryImageOfPage\":{\"@id\":\"http:\/\/vanixx.de\/?page_id=139#primaryimage\"},\"image\":{\"@id\":\"http:\/\/vanixx.de\/?page_id=139#primaryimage\"},\"thumbnailUrl\":\"http:\/\/vanixx.de\/wp-content\/uploads\/2025\/11\/Baustoffe.png\",\"datePublished\":\"2025-11-05T09:36:58+00:00\",\"dateModified\":\"2025-11-05T10:07:30+00:00\",\"breadcrumb\":{\"@id\":\"http:\/\/vanixx.de\/?page_id=139#breadcrumb\"},\"inLanguage\":\"de\",\"potentialAction\":[{\"@type\":\"ReadAction\",\"target\":[\"http:\/\/vanixx.de\/?page_id=139\"]}]},{\"@type\":\"ImageObject\",\"inLanguage\":\"de\",\"@id\":\"http:\/\/vanixx.de\/?page_id=139#primaryimage\",\"url\":\"https:\/\/vanixx.de\/wp-content\/uploads\/2025\/11\/Baustoffe.png\",\"contentUrl\":\"https:\/\/vanixx.de\/wp-content\/uploads\/2025\/11\/Baustoffe.png\",\"width\":1024,\"height\":1024},{\"@type\":\"BreadcrumbList\",\"@id\":\"http:\/\/vanixx.de\/?page_id=139#breadcrumb\",\"itemListElement\":[{\"@type\":\"ListItem\",\"position\":1,\"name\":\"Startseite\",\"item\":\"http:\/\/vanixx.de\/\"},{\"@type\":\"ListItem\",\"position\":2,\"name\":\"Baustoffe\"}]},{\"@type\":\"WebSite\",\"@id\":\"http:\/\/vanixx.de\/#website\",\"url\":\"http:\/\/vanixx.de\/\",\"name\":\"Epp Erdbau\",\"description\":\"Epp Erdbau\",\"publisher\":{\"@id\":\"http:\/\/vanixx.de\/#organization\"},\"potentialAction\":[{\"@type\":\"SearchAction\",\"target\":{\"@type\":\"EntryPoint\",\"urlTemplate\":\"http:\/\/vanixx.de\/?s={search_term_string}\"},\"query-input\":{\"@type\":\"PropertyValueSpecification\",\"valueRequired\":true,\"valueName\":\"search_term_string\"}}],\"inLanguage\":\"de\"},{\"@type\":\"Organization\",\"@id\":\"http:\/\/vanixx.de\/#organization\",\"name\":\"vanixx.de\",\"url\":\"http:\/\/vanixx.de\/\",\"logo\":{\"@type\":\"ImageObject\",\"inLanguage\":\"de\",\"@id\":\"http:\/\/vanixx.de\/#\/schema\/logo\/image\/\",\"url\":\"https:\/\/vanixx.de\/wp-content\/uploads\/2025\/11\/cropped-ChatGPT-Image-5.-Nov.-2025-08_30_53.png\",\"contentUrl\":\"https:\/\/vanixx.de\/wp-content\/uploads\/2025\/11\/cropped-ChatGPT-Image-5.-Nov.-2025-08_30_53.png\",\"width\":1024,\"height\":879,\"caption\":\"vanixx.de\"},\"image\":{\"@id\":\"http:\/\/vanixx.de\/#\/schema\/logo\/image\/\"}}]}<\/script>\n<!-- \/ Yoast SEO plugin. -->","yoast_head_json":{"title":"Baustoffe - vanixx.de","robots":{"index":"index","follow":"follow","max-snippet":"max-snippet:-1","max-image-preview":"max-image-preview:large","max-video-preview":"max-video-preview:-1"},"canonical":"http:\/\/vanixx.de\/?page_id=139","og_locale":"de_DE","og_type":"article","og_title":"Baustoffe - vanixx.de","og_description":"Baustoffe &amp; Materiallieferung Guter Bau braucht gutes Material \u2013 und das liefern wir.Mit unserem eigenen Fuhrpark bringen wir Schotter, Kies, Sand oder Recyclingmaterial direkt auf Ihre Baustelle \u2013 p\u00fcnktlich, sauber und in der gew\u00fcnschten Menge. Egal ob f\u00fcr den Hausbau, Gartenbau oder gewerbliche Projekte: Wir sorgen daf\u00fcr, dass das richtige Material genau dann da ist, wenn es gebraucht wird. Unser Angebot: Lieferung von Kies, Sand, Schotter und F\u00fcllmaterial Recyclingmaterial und Mutterboden Abholung von Aushub oder Bauschutt Beratung zur richtigen Materialwahl f\u00fcr Ihr Bauvorhaben Dank unserer regionalen Lieferanten und kurzen Wege k\u00f6nnen wir flexibel reagieren \u2013 auch kurzfristig.Ob eine kleine Menge f\u00fcr den Garten oder mehrere LKW-Ladungen f\u00fcr den Rohbau \u2013 wir liefern zuverl\u00e4ssig und zu fairen Preisen. Epp Erdbau GmbH \u2013 Material und Service aus einer Hand.","og_url":"http:\/\/vanixx.de\/?page_id=139","og_site_name":"vanixx.de","article_modified_time":"2025-11-05T10:07:30+00:00","og_image":[{"url":"http:\/\/vanixx.de\/wp-content\/uploads\/2025\/11\/Baustoffe.png","type":"","width":"","height":""}],"twitter_card":"summary_large_image","twitter_misc":{"Gesch\u00e4tzte Lesezeit":"1\u00a0Minute"},"schema":{"@context":"https:\/\/schema.org","@graph":[{"@type":"WebPage","@id":"http:\/\/vanixx.de\/?page_id=139","url":"http:\/\/vanixx.de\/?page_id=139","name":"Baustoffe - vanixx.de","isPartOf":{"@id":"http:\/\/vanixx.de\/#website"},"primaryImageOfPage":{"@id":"http:\/\/vanixx.de\/?page_id=139#primaryimage"},"image":{"@id":"http:\/\/vanixx.de\/?page_id=139#primaryimage"},"thumbnailUrl":"http:\/\/vanixx.de\/wp-content\/uploads\/2025\/11\/Baustoffe.png","datePublished":"2025-11-05T09:36:58+00:00","dateModified":"2025-11-05T10:07:30+00:00","breadcrumb":{"@id":"http:\/\/vanixx.de\/?page_id=139#breadcrumb"},"inLanguage":"de","potentialAction":[{"@type":"ReadAction","target":["http:\/\/vanixx.de\/?page_id=139"]}]},{"@type":"ImageObject","inLanguage":"de","@id":"http:\/\/vanixx.de\/?page_id=139#primaryimage","url":"https:\/\/vanixx.de\/wp-content\/uploads\/2025\/11\/Baustoffe.png","contentUrl":"https:\/\/vanixx.de\/wp-content\/uploads\/2025\/11\/Baustoffe.png","width":1024,"height":1024},{"@type":"BreadcrumbList","@id":"http:\/\/vanixx.de\/?page_id=139#breadcrumb","itemListElement":[{"@type":"ListItem","position":1,"name":"Startseite","item":"http:\/\/vanixx.de\/"},{"@type":"ListItem","position":2,"name":"Baustoffe"}]},{"@type":"WebSite","@id":"http:\/\/vanixx.de\/#website","url":"http:\/\/vanixx.de\/","name":"Epp Erdbau","description":"Epp Erdbau","publisher":{"@id":"http:\/\/vanixx.de\/#organization"},"potentialAction":[{"@type":"SearchAction","target":{"@type":"EntryPoint","urlTemplate":"http:\/\/vanixx.de\/?s={search_term_string}"},"query-input":{"@type":"PropertyValueSpecification","valueRequired":true,"valueName":"search_term_string"}}],"inLanguage":"de"},{"@type":"Organization","@id":"http:\/\/vanixx.de\/#organization","name":"vanixx.de","url":"http:\/\/vanixx.de\/","logo":{"@type":"ImageObject","inLanguage":"de","@id":"http:\/\/vanixx.de\/#\/schema\/logo\/image\/","url":"https:\/\/vanixx.de\/wp-content\/uploads\/2025\/11\/cropped-ChatGPT-Image-5.-Nov.-2025-08_30_53.png","contentUrl":"https:\/\/vanixx.de\/wp-content\/uploads\/2025\/11\/cropped-ChatGPT-Image-5.-Nov.-2025-08_30_53.png","width":1024,"height":879,"caption":"vanixx.de"},"image":{"@id":"http:\/\/vanixx.de\/#\/schema\/logo\/image\/"}}]}},"_links":{"self":[{"href":"https:\/\/vanixx.de\/index.php?rest_route=\/wp\/v2\/pages\/139","targetHints":{"allow":["GET"]}}],"collection":[{"href":"https:\/\/vanixx.de\/index.php?rest_route=\/wp\/v2\/pages"}],"about":[{"href":"https:\/\/vanixx.de\/index.php?rest_route=\/wp\/v2\/types\/page"}],"author":[{"embeddable":true,"href":"https:\/\/vanixx.de\/index.php?rest_route=\/wp\/v2\/users\/1"}],"replies":[{"embeddable":true,"href":"https:\/\/vanixx.de\/index.php?rest_route=%2Fwp%2Fv2%2Fcomments&post=139"}],"version-history":[{"count":7,"href":"https:\/\/vanixx.de\/index.php?rest_route=\/wp\/v2\/pages\/139\/revisions"}],"predecessor-version":[{"id":180,"href":"https:\/\/vanixx.de\/index.php?rest_route=\/wp\/v2\/pages\/139\/revisions\/180"}],"wp:attachment":[{"href":"https:\/\/vanixx.de\/index.php?rest_route=%2Fwp%2Fv2%2Fmedia&parent=139"}],"curies":[{"name":"wp","href":"https:\/\/api.w.org\/{rel}","templated":true}]}}